{"id":690,"date":"2016-10-28T11:16:13","date_gmt":"2016-10-28T09:16:13","guid":{"rendered":"http:\/\/www.icad.tcm.cmmi.tuiasi.ro\/?page_id=690"},"modified":"2017-09-05T21:31:08","modified_gmt":"2017-09-05T19:31:08","slug":"the-organisation","status":"publish","type":"page","link":"http:\/\/www.icad.tcm.cmmi.tuiasi.ro\/index.php\/the-organisation\/","title":{"rendered":"The Organisation"},"content":{"rendered":"<p><strong>Honorary Chair<\/strong><\/p>\n<p>Nam P. <strong>Suh<\/strong>, MIT, USA<\/p>\n<p>&nbsp;<\/p>\n<p><strong>Conference Chair<\/strong><\/p>\n<p>Lauren\u0163iu <strong>Sl\u0103tineanu<\/strong>, TU of Ia\u015fi, Rom\u00e2nia<\/p>\n<p>&nbsp;<\/p>\n<p><strong>Conference Co-chair<\/strong><\/p>\n<p>Petru <strong>Du\u015fa<\/strong>, TU of Ia\u015fi, Rom\u00e2nia<\/p>\n<p>&nbsp;<\/p>\n<p><strong>Local Organising Committee<\/strong><\/p>\n<p>Antonio M.\u00a0<strong>Gon\u00e7alves-Coelho<\/strong>, <em>FCT\/Universidade Nova de Lisboa, Portugal<\/em><\/p>\n<p>C\u0103t\u0103lin <strong>Dumitra\u015f<\/strong>, <em>TU of Ia\u015fi, Rom\u00e2nia<\/em><\/p>\n<p>Christopher A. <strong>Brown<\/strong>, <em>Worcester Polytechnic Institute \u2013 USA<\/em><\/p>\n<p>Eugen <strong>Axinte<\/strong>, <em>TU of Ia\u015fi, Rom\u00e2nia<\/em><\/p>\n<p>Felicia <strong>Banciu<\/strong>, <em>Politechnic U of Timi\u015foara, Rom\u00e2nia<\/em><\/p>\n<p>Gheorghe <strong>Nag\u00ee\u0163<\/strong>, <em>TU of Ia\u015fi, Rom\u00e2nia<\/em><\/p>\n<p>Lauren\u0163iu <strong>Sl\u0103tineanu<\/strong>, <em>TU of Ia\u015fi, Rom\u00e2nia<\/em><\/p>\n<p>Margareta <strong>Cotea\u0163\u0103<\/strong>, <em>TU of Ia\u015fi, Rom\u00e2nia<\/em><\/p>\n<p>Mary Kathryn <strong>Thompson<\/strong>, <em>Danmarks Tekniske Universitet, Denmark<\/em><\/p>\n<p>Miguel\u00a0<strong>Cavique Santos<\/strong>, <em>Escola Naval, Portugal<\/em><\/p>\n<p>Nicolae <strong>Seghedin<\/strong>, <em>TU of Ia\u015fi, Rom\u00e2nia<\/em><\/p>\n<p>Oana <strong>Dodun<\/strong>, <em>TU of Ia\u015fi, Rom\u00e2nia<\/em><\/p>\n<p>Petru <strong>Du\u015fa<\/strong>, <em>TU of Ia\u015fi, Rom\u00e2nia<\/em><\/p>\n<p>Vasile <strong>Merticaru,<\/strong> <em>TU of Ia\u015fi, Rom\u00e2nia<\/em><\/p>\n<p><strong><em>Junior Members:<\/em><\/strong> Andrei <strong>Mihalache<\/strong>, Marius <strong>R\u00eepanu<\/strong>, Mihai <strong>Boca<\/strong>\u00a0 <em>TU of Ia\u015fi, Rom\u00e2nia<\/em><\/p>\n<p><span style=\"margin: 0px; line-height: 115%; font-family: 'Times New Roman','serif'; font-size: 12pt;\">\u00a0<\/span><\/p>\n","protected":false},"excerpt":{"rendered":"<p>Honorary Chair Nam P. Suh, MIT, USA &nbsp; Conference Chair Lauren\u0163iu Sl\u0103tineanu, TU of Ia\u015fi, Rom\u00e2nia &nbsp; Conference Co-chair Petru Du\u015fa, TU of Ia\u015fi, Rom\u00e2nia &nbsp; Local Organising Committee Antonio M.\u00a0Gon\u00e7alves-Coelho, FCT\/Universidade Nova de Lisboa, Portugal C\u0103t\u0103lin Dumitra\u015f, TU of Ia\u015fi, Rom\u00e2nia Christopher A. Brown, Worcester Polytechnic Institute \u2013 USA Eugen Axinte, TU of Ia\u015fi, [&hellip;]<\/p>\n","protected":false},"author":2,"featured_media":0,"parent":0,"menu_order":0,"comment_status":"closed","ping_status":"closed","template":"","meta":{"footnotes":""},"class_list":["post-690","page","type-page","status-publish","hentry"],"_links":{"self":[{"href":"http:\/\/www.icad.tcm.cmmi.tuiasi.ro\/index.php\/wp-json\/wp\/v2\/pages\/690","targetHints":{"allow":["GET"]}}],"collection":[{"href":"http:\/\/www.icad.tcm.cmmi.tuiasi.ro\/index.php\/wp-json\/wp\/v2\/pages"}],"about":[{"href":"http:\/\/www.icad.tcm.cmmi.tuiasi.ro\/index.php\/wp-json\/wp\/v2\/types\/page"}],"author":[{"embeddable":true,"href":"http:\/\/www.icad.tcm.cmmi.tuiasi.ro\/index.php\/wp-json\/wp\/v2\/users\/2"}],"replies":[{"embeddable":true,"href":"http:\/\/www.icad.tcm.cmmi.tuiasi.ro\/index.php\/wp-json\/wp\/v2\/comments?post=690"}],"version-history":[{"count":13,"href":"http:\/\/www.icad.tcm.cmmi.tuiasi.ro\/index.php\/wp-json\/wp\/v2\/pages\/690\/revisions"}],"predecessor-version":[{"id":2053,"href":"http:\/\/www.icad.tcm.cmmi.tuiasi.ro\/index.php\/wp-json\/wp\/v2\/pages\/690\/revisions\/2053"}],"wp:attachment":[{"href":"http:\/\/www.icad.tcm.cmmi.tuiasi.ro\/index.php\/wp-json\/wp\/v2\/media?parent=690"}],"curies":[{"name":"wp","href":"https:\/\/api.w.org\/{rel}","templated":true}]}}