{"id":199,"date":"2015-09-16T09:50:04","date_gmt":"2015-09-16T09:50:04","guid":{"rendered":"http:\/\/demo.themeum.com\/wordpress\/eventum\/?page_id=199"},"modified":"2017-04-26T14:09:30","modified_gmt":"2017-04-26T12:09:30","slug":"sponsors","status":"publish","type":"page","link":"http:\/\/www.icad.tcm.cmmi.tuiasi.ro\/index.php\/sponsors\/","title":{"rendered":"Sponsors"},"content":{"rendered":"<p><img loading=\"lazy\" decoding=\"async\" class=\"alignnone size-full wp-image-1890\" src=\"http:\/\/www.icad.tcm.cmmi.tuiasi.ro\/wp-content\/uploads\/2017\/04\/logo-CIRP.png\" alt=\"logo-cirp\" width=\"225\" height=\"225\" srcset=\"http:\/\/www.icad.tcm.cmmi.tuiasi.ro\/wp-content\/uploads\/2017\/04\/logo-CIRP.png 225w, http:\/\/www.icad.tcm.cmmi.tuiasi.ro\/wp-content\/uploads\/2017\/04\/logo-CIRP-150x150.png 150w, http:\/\/www.icad.tcm.cmmi.tuiasi.ro\/wp-content\/uploads\/2017\/04\/logo-CIRP-180x180.png 180w\" sizes=\"auto, (max-width: 225px) 100vw, 225px\" \/>The International Academy for Production Engineering<\/p>\n<p>&#8220;Gheorghe Asachi&#8221; Technical University of Ia<span lang=\"RO\" style=\"margin: 0px; line-height: 115%; font-family: 'Times New Roman','serif'; font-size: 12pt;\"><span style=\"color: #000000;\">\u015f<\/span><\/span>i, Rom<span lang=\"RO\" style=\"margin: 0px; line-height: 115%; font-family: 'Times New Roman','serif'; font-size: 12pt;\"><span style=\"color: #000000;\">\u00e2<\/span><\/span>nia<\/p>\n<p>Association of TCM Students and Alumni, Ia<span lang=\"RO\" style=\"margin: 0px; line-height: 115%; font-family: 'Times New Roman','serif'; font-size: 12pt;\"><span style=\"color: #000000;\">\u015f<\/span><\/span>i, Rom<span lang=\"RO\" style=\"margin: 0px; line-height: 115%; font-family: 'Times New Roman','serif'; font-size: 12pt;\"><span style=\"color: #000000;\">\u00e2<\/span><\/span>nia<\/p>\n<p>&nbsp;<\/p>\n<p>&nbsp;<\/p>\n<p>&nbsp;<\/p>\n<p>&nbsp;<\/p>\n<p>&nbsp;<\/p>\n<p>&nbsp;<\/p>\n<p>&nbsp;<\/p>\n<p>&nbsp;<\/p>\n<p>&nbsp;<\/p>\n<p>[vc_row full_width=&#8221;stretch_row&#8221; css=&#8221;.vc_custom_1479407325419{margin-top: 0px !important;margin-bottom: 0px !important;padding-top: 100px !important;padding-bottom: 100px !important;background-position: center !important;background-repeat: no-repeat !important;background-size: cover !important;}&#8221;][vc_column]<div class=\"themeum-title  \" style=\"text-align:center;\"><h3 class=\"style-title\" style=\"margin:0 0 5px 0;font-weight:700;font-size:36px;line-height: normal;color:#333333;\">Our Event Sponsors<\/h3><h4 class=\"style-sub-title\" style=\"font-size:16px;line-height: normal;font-weight:300;color:#333333;\">Check Who Makes This Event Possible!<\/h4><\/div><div class=\"themeum-title  \" style=\"text-align:center;\"><h3 class=\"style-title\" style=\"margin:80px 0 60px 0;font-weight:700;font-size:24px;line-height: normal;color:#333333;\">Platinum Sponsors<\/h3><\/div>[vc_row_inner][vc_column_inner width=&#8221;1\/3&#8243;][vc_single_image image=&#8221;160&#8243; img_size=&#8221;full&#8221; alignment=&#8221;center&#8221;][\/vc_column_inner][vc_column_inner width=&#8221;1\/3&#8243;][vc_single_image image=&#8221;161&#8243; img_size=&#8221;full&#8221; alignment=&#8221;center&#8221;][\/vc_column_inner][vc_column_inner width=&#8221;1\/3&#8243;][vc_single_image image=&#8221;162&#8243; img_size=&#8221;full&#8221; alignment=&#8221;center&#8221;][\/vc_column_inner][\/vc_row_inner]<div class=\"themeum-title  \" style=\"text-align:center;\"><h3 class=\"style-title\" style=\"margin:80px 0 60px 0;font-weight:700;font-size:24px;line-height: normal;color:#333333;\">Gold Sponsors<\/h3><\/div>[vc_row_inner][vc_column_inner width=&#8221;1\/4&#8243;][vc_single_image image=&#8221;165&#8243; img_size=&#8221;full&#8221; alignment=&#8221;center&#8221;][\/vc_column_inner][vc_column_inner width=&#8221;1\/4&#8243;][vc_single_image image=&#8221;166&#8243; img_size=&#8221;full&#8221; alignment=&#8221;center&#8221;][\/vc_column_inner][vc_column_inner width=&#8221;1\/4&#8243;][vc_single_image image=&#8221;167&#8243; img_size=&#8221;full&#8221; alignment=&#8221;center&#8221;][\/vc_column_inner][vc_column_inner width=&#8221;1\/4&#8243;][vc_single_image image=&#8221;168&#8243; img_size=&#8221;full&#8221; alignment=&#8221;center&#8221;][\/vc_column_inner][\/vc_row_inner]<div class=\"themeum-title  \" style=\"text-align:center;\"><h3 class=\"style-title\" style=\"margin:80px 0 60px 0;font-weight:700;font-size:24px;line-height: normal;color:#333333;\">Silver Sponsors<\/h3><\/div>[vc_row_inner][vc_column_inner width=&#8221;1\/4&#8243;][vc_single_image image=&#8221;202&#8243; img_size=&#8221;full&#8221; alignment=&#8221;center&#8221;][\/vc_column_inner][vc_column_inner width=&#8221;1\/4&#8243;][vc_single_image image=&#8221;204&#8243; img_size=&#8221;full&#8221; alignment=&#8221;center&#8221;][\/vc_column_inner][vc_column_inner width=&#8221;1\/4&#8243;][vc_single_image image=&#8221;203&#8243; img_size=&#8221;full&#8221; alignment=&#8221;center&#8221;][\/vc_column_inner][vc_column_inner width=&#8221;1\/4&#8243;][vc_single_image image=&#8221;202&#8243; img_size=&#8221;full&#8221; alignment=&#8221;center&#8221;][\/vc_column_inner][\/vc_row_inner][vc_row_inner][vc_column_inner]<div class=\"themeum-button \" style=\"display: inline; text-align:center;display:block;\"><a data-hover-color=\"#000000\" data-hover-bg-color=\"#72a230\"  class=\"thm-color themeum_button_shortcode\" style=\"font-size:16px;line-height:16px;color:#000000;background:#8dc63f;border-radius:4px;font-weight:700;margin:40px 0 0 0;padding:15px 25px;display:inline-block\" href=\"#\" target=\"_blank\">Become a Sponsor<\/a><\/div>[\/vc_column_inner][\/vc_row_inner][\/vc_column][\/vc_row]<\/p>\n","protected":false},"excerpt":{"rendered":"<p>The International Academy for Production Engineering &#8220;Gheorghe Asachi&#8221; Technical University of Ia\u015fi, Rom\u00e2nia Association of TCM Students and Alumni, Ia\u015fi, Rom\u00e2nia &nbsp; &nbsp; &nbsp; &nbsp; &nbsp; &nbsp; &nbsp; &nbsp; &nbsp; [vc_row full_width=&#8221;stretch_row&#8221; css=&#8221;.vc_custom_1479407325419{margin-top: 0px !important;margin-bottom: 0px !important;padding-top: 100px !important;padding-bottom: 100px !important;background-position: center !important;background-repeat: no-repeat !important;background-size: cover !important;}&#8221;][vc_column][vc_row_inner][vc_column_inner width=&#8221;1\/3&#8243;][vc_single_image image=&#8221;160&#8243; img_size=&#8221;full&#8221; alignment=&#8221;center&#8221;][\/vc_column_inner][vc_column_inner width=&#8221;1\/3&#8243;][vc_single_image image=&#8221;161&#8243; img_size=&#8221;full&#8221; alignment=&#8221;center&#8221;][\/vc_column_inner][vc_column_inner [&hellip;]<\/p>\n","protected":false},"author":2,"featured_media":0,"parent":0,"menu_order":0,"comment_status":"closed","ping_status":"closed","template":"","meta":{"footnotes":""},"class_list":["post-199","page","type-page","status-publish","hentry"],"_links":{"self":[{"href":"http:\/\/www.icad.tcm.cmmi.tuiasi.ro\/index.php\/wp-json\/wp\/v2\/pages\/199","targetHints":{"allow":["GET"]}}],"collection":[{"href":"http:\/\/www.icad.tcm.cmmi.tuiasi.ro\/index.php\/wp-json\/wp\/v2\/pages"}],"about":[{"href":"http:\/\/www.icad.tcm.cmmi.tuiasi.ro\/index.php\/wp-json\/wp\/v2\/types\/page"}],"author":[{"embeddable":true,"href":"http:\/\/www.icad.tcm.cmmi.tuiasi.ro\/index.php\/wp-json\/wp\/v2\/users\/2"}],"replies":[{"embeddable":true,"href":"http:\/\/www.icad.tcm.cmmi.tuiasi.ro\/index.php\/wp-json\/wp\/v2\/comments?post=199"}],"version-history":[{"count":7,"href":"http:\/\/www.icad.tcm.cmmi.tuiasi.ro\/index.php\/wp-json\/wp\/v2\/pages\/199\/revisions"}],"predecessor-version":[{"id":1896,"href":"http:\/\/www.icad.tcm.cmmi.tuiasi.ro\/index.php\/wp-json\/wp\/v2\/pages\/199\/revisions\/1896"}],"wp:attachment":[{"href":"http:\/\/www.icad.tcm.cmmi.tuiasi.ro\/index.php\/wp-json\/wp\/v2\/media?parent=199"}],"curies":[{"name":"wp","href":"https:\/\/api.w.org\/{rel}","templated":true}]}}